{"id":454,"date":"2025-06-03T10:15:20","date_gmt":"2025-06-03T10:15:20","guid":{"rendered":"https:\/\/ges-integral.es\/?page_id=454"},"modified":"2025-06-03T10:50:08","modified_gmt":"2025-06-03T10:50:08","slug":"aviso-legal","status":"publish","type":"page","link":"https:\/\/ges-integral.es\/index.php\/aviso-legal\/","title":{"rendered":"Aviso Legal"},"content":{"rendered":"\t\t<div data-elementor-type=\"wp-page\" data-elementor-id=\"454\" class=\"elementor elementor-454\" data-elementor-post-type=\"page\">\n\t\t\t\t\t\t\t<div class=\"elementor-element elementor-element-0d694f1 e-flex e-con-boxed e-con e-parent\" data-id=\"0d694f1\" data-element_type=\"container\" data-settings=\"{&quot;jet_parallax_layout_list&quot;:[],&quot;content_width&quot;:&quot;boxed&quot;}\" data-core-v316-plus=\"true\">\n\t\t\t\t\t<div class=\"e-con-inner\">\n\t\t\t\t<div class=\"elementor-element elementor-element-95e928e elementor-widget elementor-widget-text-editor\" data-id=\"95e928e\" data-element_type=\"widget\" data-widget_type=\"text-editor.default\">\n\t\t\t\t<div class=\"elementor-widget-container\">\n\t\t\t<style>\/*! elementor - v3.16.0 - 20-09-2023 *\/\n.elementor-widget-text-editor.elementor-drop-cap-view-stacked .elementor-drop-cap{background-color:#69727d;color:#fff}.elementor-widget-text-editor.elementor-drop-cap-view-framed .elementor-drop-cap{color:#69727d;border:3px solid;background-color:transparent}.elementor-widget-text-editor:not(.elementor-drop-cap-view-default) .elementor-drop-cap{margin-top:8px}.elementor-widget-text-editor:not(.elementor-drop-cap-view-default) .elementor-drop-cap-letter{width:1em;height:1em}.elementor-widget-text-editor .elementor-drop-cap{float:left;text-align:center;line-height:1;font-size:50px}.elementor-widget-text-editor .elementor-drop-cap-letter{display:inline-block}<\/style>\t\t\t\t<div data-id=\"a296c03\" data-element_type=\"widget\" data-widget_type=\"heading.default\"><p>El presente aviso legal regula el uso del sitio web https:\/\/ges-integral.es\/(en adelante, el \u00abSitio Web\u00bb) con\u00a0domicilio en <span class=\"s1\">Calle Col\u00f3n 42, pta 13,<\/span><span class=\"s2\">Valencia (46004), Valencia, Espa\u00f1a<\/span><\/p><h2 class=\"wp-block-heading\"><strong>LEGISLACI\u00d3N<\/strong><\/h2><p>Con car\u00e1cter general las relaciones entre Gesintegral con los Usuarios de sus servicios telem\u00e1ticos, presentes en este sitio web, se encuentran sometidas a la legislaci\u00f3n y jurisdicci\u00f3n espa\u00f1olas.<\/p><h2 class=\"wp-block-heading\"><strong>USO Y ACCESO DE USUARIOS<\/strong><\/h2><p>El Usuario queda informado, y acepta, que el acceso a la presente web no supone, en modo alguno, el inicio de una relaci\u00f3n comercial con Gesintegral o cualquiera de sus distribuidores.<\/p><h2 class=\"wp-block-heading\"><strong>PROPIEDAD INTELECTUAL E INDUSTRIAL<\/strong><\/h2><p>Los derechos de propiedad intelectual del contenido de las p\u00e1ginas web, su dise\u00f1o gr\u00e1fico y c\u00f3digos son titularidad de Gesintegral y, por tanto, queda prohibida su reproducci\u00f3n, distribuci\u00f3n, comunicaci\u00f3n p\u00fablica, transformaci\u00f3n o cualquier otra actividad que se pueda realizar con los contenidos de sus p\u00e1ginas web ni aun citando las fuentes, salvo consentimiento por escrito de Gesintegral.<\/p><h2 class=\"wp-block-heading\"><strong>HIPERENLACES<\/strong><\/h2><p>Aquellas personas que se propongan establecer hiperenlaces entre su p\u00e1gina Web y la P\u00e1gina deber\u00e1n observar y cumplir las condiciones siguientes:<\/p><ul><li>No ser\u00e1 necesaria autorizaci\u00f3n previa cuando el Hiperenlace permita \u00fanicamente el acceso a la p\u00e1gina de inicio, pero no podr\u00e1 reproducirla de ninguna forma. Cualquier otra forma de Hiperenlace requerir\u00e1 la autorizaci\u00f3n expresa e inequ\u00edvoca por escrito por parte de Gesintegral.<\/li><li>\u00a0No se crear\u00e1n \u201cmarcos\u201d (\u201cframes\u201d) con las p\u00e1ginas Web ni sobre las p\u00e1ginas Web de Gesintegral.<\/li><li>No se realizar\u00e1n manifestaciones o indicaciones falsas, inexactas, u ofensivas sobre Gesintegral sus directivos, sus empleados o colaboradores, o de las personas que se relacionen en la P\u00e1gina por cualquier motivo, o de los Usuarios de las P\u00e1gina, o de los Contenidos suministrados.<\/li><li>No se declarar\u00e1 ni se dar\u00e1 a entender que Gesintegral ha autorizado el Hiperenlace o que ha supervisado o asumido de cualquier forma los Contenidos ofrecidos o puestos a disposici\u00f3n de la p\u00e1gina Web en la que se establece el Hiperenlace.<\/li><li>La p\u00e1gina Web en la que se establezca el Hiperenlace solo podr\u00e1 contener lo estrictamente necesario para identificar el destino del Hiperenlace.<\/li><li>La p\u00e1gina Web en la que se establezca el Hiperenlace no contendr\u00e1 informaciones o contenidos il\u00edcitos, contrarios a la moral y a las buenas costumbres generalmente aceptadas y al orden p\u00fablico, as\u00ed como tampoco contendr\u00e1 contenidos contrarios a cualesquiera derechos de terceros.<\/li><\/ul><\/div>\t\t\t\t\t\t<\/div>\n\t\t\t\t<\/div>\n\t\t\t\t\t<\/div>\n\t\t\t\t<\/div>\n\t\t\t\t\t\t\t<\/div>\n\t\t","protected":false},"excerpt":{"rendered":"<p>El presente aviso legal regula el uso del sitio web https:\/\/ges-integral.es\/(en adelante, el \u00abSitio Web\u00bb) con\u00a0domicilio en Calle Col\u00f3n 42, pta 13,Valencia (46004), Valencia, Espa\u00f1a LEGISLACI\u00d3N Con car\u00e1cter general las relaciones entre Gesintegral con los Usuarios de sus servicios telem\u00e1ticos, presentes en este sitio web, se encuentran sometidas a la legislaci\u00f3n y jurisdicci\u00f3n espa\u00f1olas. USO [&hellip;]<\/p>\n","protected":false},"author":2,"featured_media":0,"parent":0,"menu_order":0,"comment_status":"closed","ping_status":"closed","template":"","meta":{"footnotes":""},"yoast_head":"<!-- This site is optimized with the Yoast SEO plugin v21.3 - https:\/\/yoast.com\/wordpress\/plugins\/seo\/ -->\n<title>Aviso Legal - Gesintegral<\/title>\n<meta name=\"robots\" content=\"noindex, follow, max-snippet:-1, max-image-preview:large, max-video-preview:-1\" \/>\n<meta property=\"og:locale\" content=\"es_ES\" \/>\n<meta property=\"og:type\" content=\"article\" \/>\n<meta property=\"og:title\" content=\"Aviso Legal - Gesintegral\" \/>\n<meta property=\"og:description\" content=\"El presente aviso legal regula el uso del sitio web https:\/\/ges-integral.es\/(en adelante, el \u00abSitio Web\u00bb) con\u00a0domicilio en Calle Col\u00f3n 42, pta 13,Valencia (46004), Valencia, Espa\u00f1a LEGISLACI\u00d3N Con car\u00e1cter general las relaciones entre Gesintegral con los Usuarios de sus servicios telem\u00e1ticos, presentes en este sitio web, se encuentran sometidas a la legislaci\u00f3n y jurisdicci\u00f3n espa\u00f1olas. USO [&hellip;]\" \/>\n<meta property=\"og:url\" content=\"https:\/\/ges-integral.es\/index.php\/aviso-legal\/\" \/>\n<meta property=\"og:site_name\" content=\"Gesintegral\" \/>\n<meta property=\"article:modified_time\" content=\"2025-06-03T10:50:08+00:00\" \/>\n<meta name=\"twitter:card\" content=\"summary_large_image\" \/>\n<meta name=\"twitter:label1\" content=\"Tiempo de lectura\" \/>\n\t<meta name=\"twitter:data1\" content=\"2 minutos\" \/>\n<script type=\"application\/ld+json\" class=\"yoast-schema-graph\">{\"@context\":\"https:\/\/schema.org\",\"@graph\":[{\"@type\":\"WebPage\",\"@id\":\"https:\/\/ges-integral.es\/index.php\/aviso-legal\/\",\"url\":\"https:\/\/ges-integral.es\/index.php\/aviso-legal\/\",\"name\":\"Aviso Legal - Gesintegral\",\"isPartOf\":{\"@id\":\"https:\/\/ges-integral.es\/#website\"},\"datePublished\":\"2025-06-03T10:15:20+00:00\",\"dateModified\":\"2025-06-03T10:50:08+00:00\",\"breadcrumb\":{\"@id\":\"https:\/\/ges-integral.es\/index.php\/aviso-legal\/#breadcrumb\"},\"inLanguage\":\"es\",\"potentialAction\":[{\"@type\":\"ReadAction\",\"target\":[\"https:\/\/ges-integral.es\/index.php\/aviso-legal\/\"]}]},{\"@type\":\"BreadcrumbList\",\"@id\":\"https:\/\/ges-integral.es\/index.php\/aviso-legal\/#breadcrumb\",\"itemListElement\":[{\"@type\":\"ListItem\",\"position\":1,\"name\":\"Portada\",\"item\":\"https:\/\/ges-integral.es\/\"},{\"@type\":\"ListItem\",\"position\":2,\"name\":\"Aviso Legal\"}]},{\"@type\":\"WebSite\",\"@id\":\"https:\/\/ges-integral.es\/#website\",\"url\":\"https:\/\/ges-integral.es\/\",\"name\":\"Gesintegral\",\"description\":\"\",\"potentialAction\":[{\"@type\":\"SearchAction\",\"target\":{\"@type\":\"EntryPoint\",\"urlTemplate\":\"https:\/\/ges-integral.es\/?s={search_term_string}\"},\"query-input\":\"required name=search_term_string\"}],\"inLanguage\":\"es\"}]}<\/script>\n<!-- \/ Yoast SEO plugin. -->","yoast_head_json":{"title":"Aviso Legal - Gesintegral","robots":{"index":"noindex","follow":"follow","max-snippet":"max-snippet:-1","max-image-preview":"max-image-preview:large","max-video-preview":"max-video-preview:-1"},"og_locale":"es_ES","og_type":"article","og_title":"Aviso Legal - Gesintegral","og_description":"El presente aviso legal regula el uso del sitio web https:\/\/ges-integral.es\/(en adelante, el \u00abSitio Web\u00bb) con\u00a0domicilio en Calle Col\u00f3n 42, pta 13,Valencia (46004), Valencia, Espa\u00f1a LEGISLACI\u00d3N Con car\u00e1cter general las relaciones entre Gesintegral con los Usuarios de sus servicios telem\u00e1ticos, presentes en este sitio web, se encuentran sometidas a la legislaci\u00f3n y jurisdicci\u00f3n espa\u00f1olas. USO [&hellip;]","og_url":"https:\/\/ges-integral.es\/index.php\/aviso-legal\/","og_site_name":"Gesintegral","article_modified_time":"2025-06-03T10:50:08+00:00","twitter_card":"summary_large_image","twitter_misc":{"Tiempo de lectura":"2 minutos"},"schema":{"@context":"https:\/\/schema.org","@graph":[{"@type":"WebPage","@id":"https:\/\/ges-integral.es\/index.php\/aviso-legal\/","url":"https:\/\/ges-integral.es\/index.php\/aviso-legal\/","name":"Aviso Legal - Gesintegral","isPartOf":{"@id":"https:\/\/ges-integral.es\/#website"},"datePublished":"2025-06-03T10:15:20+00:00","dateModified":"2025-06-03T10:50:08+00:00","breadcrumb":{"@id":"https:\/\/ges-integral.es\/index.php\/aviso-legal\/#breadcrumb"},"inLanguage":"es","potentialAction":[{"@type":"ReadAction","target":["https:\/\/ges-integral.es\/index.php\/aviso-legal\/"]}]},{"@type":"BreadcrumbList","@id":"https:\/\/ges-integral.es\/index.php\/aviso-legal\/#breadcrumb","itemListElement":[{"@type":"ListItem","position":1,"name":"Portada","item":"https:\/\/ges-integral.es\/"},{"@type":"ListItem","position":2,"name":"Aviso Legal"}]},{"@type":"WebSite","@id":"https:\/\/ges-integral.es\/#website","url":"https:\/\/ges-integral.es\/","name":"Gesintegral","description":"","potentialAction":[{"@type":"SearchAction","target":{"@type":"EntryPoint","urlTemplate":"https:\/\/ges-integral.es\/?s={search_term_string}"},"query-input":"required name=search_term_string"}],"inLanguage":"es"}]}},"_links":{"self":[{"href":"https:\/\/ges-integral.es\/index.php\/wp-json\/wp\/v2\/pages\/454"}],"collection":[{"href":"https:\/\/ges-integral.es\/index.php\/wp-json\/wp\/v2\/pages"}],"about":[{"href":"https:\/\/ges-integral.es\/index.php\/wp-json\/wp\/v2\/types\/page"}],"author":[{"embeddable":true,"href":"https:\/\/ges-integral.es\/index.php\/wp-json\/wp\/v2\/users\/2"}],"replies":[{"embeddable":true,"href":"https:\/\/ges-integral.es\/index.php\/wp-json\/wp\/v2\/comments?post=454"}],"version-history":[{"count":10,"href":"https:\/\/ges-integral.es\/index.php\/wp-json\/wp\/v2\/pages\/454\/revisions"}],"predecessor-version":[{"id":472,"href":"https:\/\/ges-integral.es\/index.php\/wp-json\/wp\/v2\/pages\/454\/revisions\/472"}],"wp:attachment":[{"href":"https:\/\/ges-integral.es\/index.php\/wp-json\/wp\/v2\/media?parent=454"}],"curies":[{"name":"wp","href":"https:\/\/api.w.org\/{rel}","templated":true}]}}